{"id":1629,"date":"2024-11-07T17:12:38","date_gmt":"2024-11-07T16:12:38","guid":{"rendered":"https:\/\/www.aceiteseltilo.com\/producto\/bouteille-de-500ml\/"},"modified":"2025-01-23T10:47:31","modified_gmt":"2025-01-23T09:47:31","slug":"bouteille-de-500ml","status":"publish","type":"product","link":"https:\/\/www.aceiteseltilo.com\/fr\/producto\/bouteille-de-500ml\/","title":{"rendered":"Bouteille d&rsquo;huile d&rsquo;olive de 500ml"},"content":{"rendered":"<h2>D&rsquo;Extr\u00e9madure pour le monde &#8211; L&rsquo;AOVE qui est le go\u00fbt de notre terre<\/h2>\n<p><img fetchpriority=\"high\" decoding=\"async\" class=\"alignnone wp-image-2023 size-full\" src=\"\/wp-content\/uploads\/2024\/11\/Captura-de-pantalla-2020-07-07-a-las-11.45.54-e1594115087595.png\" alt=\"\" width=\"1021\" height=\"416\"><\/p>\n<p>Bouteille en verre de 500ml d&rsquo;huile d&rsquo;olive vierge extra exclusivement de la vari\u00e9t\u00e9 Cornicabra. Achetez en ligne notre AOVE premium, l&rsquo;une des meilleures huiles d&rsquo;Extremadure, \u00e0 un prix tr\u00e8s avantageux. <\/p>\n<h2>Connaissez-vous les propri\u00e9t\u00e9s de l&rsquo;AOVE Cornicabra?<\/h2>\n<p><img decoding=\"async\" class=\"alignnone size-full wp-image-2019\" src=\"\/wp-content\/uploads\/2024\/11\/nadine-primeau-FfLlgRfL5l8-unsplash.jpg\" alt=\"\" width=\"1920\" height=\"1080\"><\/p>\n<p>Notre <a href=\"https:\/\/www.aceiteseltilo.com\/fr\/les-huiles\/\" target=\"_blank\" rel=\"noopener noreferrer\"><strong>huile d&rsquo;olive vierge extra Cornicabra<\/strong><\/a> a un go\u00fbt fruit\u00e9 d&rsquo;olive verte avec une intensit\u00e9 moyenne \u00e0 \u00e9lev\u00e9e, des notes de feuille d&rsquo;olivier et d&rsquo;amande, ainsi que des arri\u00e8res-go\u00fbts de pomme. Elle est l\u00e9g\u00e8rement douce \u00e0 l&rsquo;entr\u00e9e en bouche, avec une sensation d&rsquo;amertume et de piquant de moyenne intensit\u00e9, bien \u00e9quilibr\u00e9e, et un arri\u00e8re-go\u00fbt d&rsquo;amande verte. Elle offre \u00e9galement des bienfaits pour la sant\u00e9 et des propri\u00e9t\u00e9s en cuisine: <\/p>\n<ul>\n<li>Grande richesse en antioxydants naturels.<\/li>\n<li>Haut contenu en acide ol\u00e9ique (75%)<\/li>\n<li>Il agit comme un condiment ou un ar\u00f4me, pratiquement comme une sauce, qui rehausse la saveur et la texture des aliments, les rendant plus nutritifs et digestibles<\/li>\n<li>Id\u00e9al pour accompagner des aliments au go\u00fbt prononc\u00e9 ; dans les barbecues, les vinaigrettes, les gaspachos, les marinades, les toasts et le pain \u00e0 la tomate, ainsi que pour tous types d&rsquo;usages dans votre cuisine.<\/li>\n<\/ul>\n<p><strong>Prix:<\/strong> M\u00e9daille de Produit Gourmet de <a href=\"https:\/\/www.avpa.fr\/\">l&rsquo;AVPA<\/a><\/p>\n","protected":false},"excerpt":{"rendered":"<p>Achetez de l&rsquo;huile d&rsquo;olive Cornicabra en ligne. Bouteille en verre de 500ml d&rsquo;huile d&rsquo;olive vierge extra exclusivement de la vari\u00e9t\u00e9 Cornicabra. <\/p>\n","protected":false},"featured_media":1382,"template":"","meta":[],"product_brand":[],"product_cat":[60],"product_tag":[],"class_list":{"0":"post-1629","1":"product","2":"type-product","3":"status-publish","4":"has-post-thumbnail","6":"product_cat-aove-cornicabra-fr","8":"first","9":"instock","10":"shipping-taxable","11":"purchasable","12":"product-type-simple"},"yoast_head":"<!-- This site is optimized with the Yoast SEO plugin v27.1.1 - https:\/\/yoast.com\/product\/yoast-seo-wordpress\/ -->\n<title>Acheter une bouteille d&#039;huile d&#039;olive de 500ml - Huiles el Tilo<\/title>\n<meta name=\"robots\" content=\"index, follow, max-snippet:-1, max-image-preview:large, max-video-preview:-1\" \/>\n<link rel=\"canonical\" href=\"https:\/\/www.aceiteseltilo.com\/fr\/producto\/bouteille-de-500ml\/\" \/>\n<meta property=\"og:locale\" content=\"fr_FR\" \/>\n<meta property=\"og:type\" content=\"article\" \/>\n<meta property=\"og:title\" content=\"Acheter une bouteille d&#039;huile d&#039;olive de 500ml - Huiles el Tilo\" \/>\n<meta property=\"og:description\" content=\"Achetez de l&#039;huile d&#039;olive Cornicabra en ligne. Bouteille en verre de 500ml d&#039;huile d&#039;olive vierge extra exclusivement de la vari\u00e9t\u00e9 Cornicabra.\" \/>\n<meta property=\"og:url\" content=\"https:\/\/www.aceiteseltilo.com\/fr\/producto\/bouteille-de-500ml\/\" \/>\n<meta property=\"og:site_name\" content=\"Aceites El Tilo\" \/>\n<meta property=\"article:modified_time\" content=\"2025-01-23T09:47:31+00:00\" \/>\n<meta property=\"og:image\" content=\"https:\/\/www.aceiteseltilo.com\/wp-content\/uploads\/2024\/10\/image00003-scaled.jpg\" \/>\n\t<meta property=\"og:image:width\" content=\"1707\" \/>\n\t<meta property=\"og:image:height\" content=\"2560\" \/>\n\t<meta property=\"og:image:type\" content=\"image\/jpeg\" \/>\n<meta name=\"twitter:card\" content=\"summary_large_image\" \/>\n<meta name=\"twitter:label1\" content=\"Dur\u00e9e de lecture estim\u00e9e\" \/>\n\t<meta name=\"twitter:data1\" content=\"2 minutes\" \/>\n<script type=\"application\/ld+json\" class=\"yoast-schema-graph\">{\"@context\":\"https:\/\/schema.org\",\"@graph\":[{\"@type\":\"WebPage\",\"@id\":\"https:\/\/www.aceiteseltilo.com\/fr\/producto\/bouteille-de-500ml\/\",\"url\":\"https:\/\/www.aceiteseltilo.com\/fr\/producto\/bouteille-de-500ml\/\",\"name\":\"Acheter une bouteille d'huile d'olive de 500ml - Huiles el Tilo\",\"isPartOf\":{\"@id\":\"https:\/\/www.aceiteseltilo.com\/#website\"},\"primaryImageOfPage\":{\"@id\":\"https:\/\/www.aceiteseltilo.com\/fr\/producto\/bouteille-de-500ml\/#primaryimage\"},\"image\":{\"@id\":\"https:\/\/www.aceiteseltilo.com\/fr\/producto\/bouteille-de-500ml\/#primaryimage\"},\"thumbnailUrl\":\"https:\/\/www.aceiteseltilo.com\/wp-content\/uploads\/2024\/10\/image00003-scaled.jpg\",\"datePublished\":\"2024-11-07T16:12:38+00:00\",\"dateModified\":\"2025-01-23T09:47:31+00:00\",\"breadcrumb\":{\"@id\":\"https:\/\/www.aceiteseltilo.com\/fr\/producto\/bouteille-de-500ml\/#breadcrumb\"},\"inLanguage\":\"fr-FR\",\"potentialAction\":[{\"@type\":\"ReadAction\",\"target\":[\"https:\/\/www.aceiteseltilo.com\/fr\/producto\/bouteille-de-500ml\/\"]}]},{\"@type\":\"ImageObject\",\"inLanguage\":\"fr-FR\",\"@id\":\"https:\/\/www.aceiteseltilo.com\/fr\/producto\/bouteille-de-500ml\/#primaryimage\",\"url\":\"https:\/\/www.aceiteseltilo.com\/wp-content\/uploads\/2024\/10\/image00003-scaled.jpg\",\"contentUrl\":\"https:\/\/www.aceiteseltilo.com\/wp-content\/uploads\/2024\/10\/image00003-scaled.jpg\",\"width\":1707,\"height\":2560},{\"@type\":\"BreadcrumbList\",\"@id\":\"https:\/\/www.aceiteseltilo.com\/fr\/producto\/bouteille-de-500ml\/#breadcrumb\",\"itemListElement\":[{\"@type\":\"ListItem\",\"position\":1,\"name\":\"Portada\",\"item\":\"https:\/\/www.aceiteseltilo.com\/fr\/\"},{\"@type\":\"ListItem\",\"position\":2,\"name\":\"The Boutique\",\"item\":\"https:\/\/www.aceiteseltilo.com\/fr\/the-boutique\/\"},{\"@type\":\"ListItem\",\"position\":3,\"name\":\"Bouteille d&#8217;huile d&#8217;olive de 500ml\"}]},{\"@type\":\"WebSite\",\"@id\":\"https:\/\/www.aceiteseltilo.com\/#website\",\"url\":\"https:\/\/www.aceiteseltilo.com\/\",\"name\":\"Aceites El Tilo\",\"description\":\"Aceite de oliva virgen extra\",\"publisher\":{\"@id\":\"https:\/\/www.aceiteseltilo.com\/#organization\"},\"potentialAction\":[{\"@type\":\"SearchAction\",\"target\":{\"@type\":\"EntryPoint\",\"urlTemplate\":\"https:\/\/www.aceiteseltilo.com\/?s={search_term_string}\"},\"query-input\":{\"@type\":\"PropertyValueSpecification\",\"valueRequired\":true,\"valueName\":\"search_term_string\"}}],\"inLanguage\":\"fr-FR\"},{\"@type\":\"Organization\",\"@id\":\"https:\/\/www.aceiteseltilo.com\/#organization\",\"name\":\"Aceites el Tilo\",\"url\":\"https:\/\/www.aceiteseltilo.com\/\",\"logo\":{\"@type\":\"ImageObject\",\"inLanguage\":\"fr-FR\",\"@id\":\"https:\/\/www.aceiteseltilo.com\/#\/schema\/logo\/image\/\",\"url\":\"https:\/\/www.aceiteseltilo.com\/wp-content\/uploads\/2024\/10\/Modo_de_aislamiento-5.svg\",\"contentUrl\":\"https:\/\/www.aceiteseltilo.com\/wp-content\/uploads\/2024\/10\/Modo_de_aislamiento-5.svg\",\"width\":388,\"height\":163,\"caption\":\"Aceites el Tilo\"},\"image\":{\"@id\":\"https:\/\/www.aceiteseltilo.com\/#\/schema\/logo\/image\/\"}}]}<\/script>\n<!-- \/ Yoast SEO plugin. -->","yoast_head_json":{"title":"Acheter une bouteille d'huile d'olive de 500ml - Huiles el Tilo","robots":{"index":"index","follow":"follow","max-snippet":"max-snippet:-1","max-image-preview":"max-image-preview:large","max-video-preview":"max-video-preview:-1"},"canonical":"https:\/\/www.aceiteseltilo.com\/fr\/producto\/bouteille-de-500ml\/","og_locale":"fr_FR","og_type":"article","og_title":"Acheter une bouteille d'huile d'olive de 500ml - Huiles el Tilo","og_description":"Achetez de l'huile d'olive Cornicabra en ligne. Bouteille en verre de 500ml d'huile d'olive vierge extra exclusivement de la vari\u00e9t\u00e9 Cornicabra.","og_url":"https:\/\/www.aceiteseltilo.com\/fr\/producto\/bouteille-de-500ml\/","og_site_name":"Aceites El Tilo","article_modified_time":"2025-01-23T09:47:31+00:00","og_image":[{"width":1707,"height":2560,"url":"https:\/\/www.aceiteseltilo.com\/wp-content\/uploads\/2024\/10\/image00003-scaled.jpg","type":"image\/jpeg"}],"twitter_card":"summary_large_image","twitter_misc":{"Dur\u00e9e de lecture estim\u00e9e":"2 minutes"},"schema":{"@context":"https:\/\/schema.org","@graph":[{"@type":"WebPage","@id":"https:\/\/www.aceiteseltilo.com\/fr\/producto\/bouteille-de-500ml\/","url":"https:\/\/www.aceiteseltilo.com\/fr\/producto\/bouteille-de-500ml\/","name":"Acheter une bouteille d'huile d'olive de 500ml - Huiles el Tilo","isPartOf":{"@id":"https:\/\/www.aceiteseltilo.com\/#website"},"primaryImageOfPage":{"@id":"https:\/\/www.aceiteseltilo.com\/fr\/producto\/bouteille-de-500ml\/#primaryimage"},"image":{"@id":"https:\/\/www.aceiteseltilo.com\/fr\/producto\/bouteille-de-500ml\/#primaryimage"},"thumbnailUrl":"https:\/\/www.aceiteseltilo.com\/wp-content\/uploads\/2024\/10\/image00003-scaled.jpg","datePublished":"2024-11-07T16:12:38+00:00","dateModified":"2025-01-23T09:47:31+00:00","breadcrumb":{"@id":"https:\/\/www.aceiteseltilo.com\/fr\/producto\/bouteille-de-500ml\/#breadcrumb"},"inLanguage":"fr-FR","potentialAction":[{"@type":"ReadAction","target":["https:\/\/www.aceiteseltilo.com\/fr\/producto\/bouteille-de-500ml\/"]}]},{"@type":"ImageObject","inLanguage":"fr-FR","@id":"https:\/\/www.aceiteseltilo.com\/fr\/producto\/bouteille-de-500ml\/#primaryimage","url":"https:\/\/www.aceiteseltilo.com\/wp-content\/uploads\/2024\/10\/image00003-scaled.jpg","contentUrl":"https:\/\/www.aceiteseltilo.com\/wp-content\/uploads\/2024\/10\/image00003-scaled.jpg","width":1707,"height":2560},{"@type":"BreadcrumbList","@id":"https:\/\/www.aceiteseltilo.com\/fr\/producto\/bouteille-de-500ml\/#breadcrumb","itemListElement":[{"@type":"ListItem","position":1,"name":"Portada","item":"https:\/\/www.aceiteseltilo.com\/fr\/"},{"@type":"ListItem","position":2,"name":"The Boutique","item":"https:\/\/www.aceiteseltilo.com\/fr\/the-boutique\/"},{"@type":"ListItem","position":3,"name":"Bouteille d&#8217;huile d&#8217;olive de 500ml"}]},{"@type":"WebSite","@id":"https:\/\/www.aceiteseltilo.com\/#website","url":"https:\/\/www.aceiteseltilo.com\/","name":"Aceites El Tilo","description":"Aceite de oliva virgen extra","publisher":{"@id":"https:\/\/www.aceiteseltilo.com\/#organization"},"potentialAction":[{"@type":"SearchAction","target":{"@type":"EntryPoint","urlTemplate":"https:\/\/www.aceiteseltilo.com\/?s={search_term_string}"},"query-input":{"@type":"PropertyValueSpecification","valueRequired":true,"valueName":"search_term_string"}}],"inLanguage":"fr-FR"},{"@type":"Organization","@id":"https:\/\/www.aceiteseltilo.com\/#organization","name":"Aceites el Tilo","url":"https:\/\/www.aceiteseltilo.com\/","logo":{"@type":"ImageObject","inLanguage":"fr-FR","@id":"https:\/\/www.aceiteseltilo.com\/#\/schema\/logo\/image\/","url":"https:\/\/www.aceiteseltilo.com\/wp-content\/uploads\/2024\/10\/Modo_de_aislamiento-5.svg","contentUrl":"https:\/\/www.aceiteseltilo.com\/wp-content\/uploads\/2024\/10\/Modo_de_aislamiento-5.svg","width":388,"height":163,"caption":"Aceites el Tilo"},"image":{"@id":"https:\/\/www.aceiteseltilo.com\/#\/schema\/logo\/image\/"}}]}},"_links":{"self":[{"href":"https:\/\/www.aceiteseltilo.com\/fr\/wp-json\/wp\/v2\/product\/1629","targetHints":{"allow":["GET"]}}],"collection":[{"href":"https:\/\/www.aceiteseltilo.com\/fr\/wp-json\/wp\/v2\/product"}],"about":[{"href":"https:\/\/www.aceiteseltilo.com\/fr\/wp-json\/wp\/v2\/types\/product"}],"wp:featuredmedia":[{"embeddable":true,"href":"https:\/\/www.aceiteseltilo.com\/fr\/wp-json\/wp\/v2\/media\/1382"}],"wp:attachment":[{"href":"https:\/\/www.aceiteseltilo.com\/fr\/wp-json\/wp\/v2\/media?parent=1629"}],"wp:term":[{"taxonomy":"product_brand","embeddable":true,"href":"https:\/\/www.aceiteseltilo.com\/fr\/wp-json\/wp\/v2\/product_brand?post=1629"},{"taxonomy":"product_cat","embeddable":true,"href":"https:\/\/www.aceiteseltilo.com\/fr\/wp-json\/wp\/v2\/product_cat?post=1629"},{"taxonomy":"product_tag","embeddable":true,"href":"https:\/\/www.aceiteseltilo.com\/fr\/wp-json\/wp\/v2\/product_tag?post=1629"}],"curies":[{"name":"wp","href":"https:\/\/api.w.org\/{rel}","templated":true}]}}