{"id":1627,"date":"2024-11-07T17:30:02","date_gmt":"2024-11-07T16:30:02","guid":{"rendered":"https:\/\/www.aceiteseltilo.com\/producto\/coffret-cadeau-1-bouteille\/"},"modified":"2025-01-23T10:46:18","modified_gmt":"2025-01-23T09:46:18","slug":"coffret-cadeau-1-bouteille","status":"publish","type":"product","link":"https:\/\/www.aceiteseltilo.com\/fr\/producto\/coffret-cadeau-1-bouteille\/","title":{"rendered":"Coffret cadeau de 1 bouteille d&rsquo;AOVE Premium"},"content":{"rendered":"<h2>D&rsquo;Extr\u00e9madure pour le monde &#8211; L&rsquo;AOVE qui est le go\u00fbt de notre terre<\/h2>\n<p><img fetchpriority=\"high\" decoding=\"async\" class=\"alignnone wp-image-2023 size-full\" src=\"\/wp-content\/uploads\/2024\/11\/Captura-de-pantalla-2020-07-07-a-las-11.45.54-e1594115087595.png\" alt=\"\" width=\"1021\" height=\"416\"><\/p>\n<p>Coffret cadeau gourmet de 1 bouteille d&rsquo;huile d&rsquo;olive vierge extra exclusivement de la vari\u00e9t\u00e9 Cornicabra. <strong>L&rsquo;AOVE premium<\/strong> de <a href=\"https:\/\/www.aceiteseltilo.com\/fr\/\" target=\"_blank\" rel=\"noopener noreferrer\">El Tilo<\/a> provient de l&rsquo;olive Cornicabra, cultiv\u00e9e dans la <a href=\"https:\/\/www.aceiteseltilo.com\/fr\/propos-de-nous\/\" target=\"_blank\" rel=\"noopener noreferrer\">Sierra de las Villuercas<\/a>, \u00e0 C\u00e1ceres. <a href=\"https:\/\/www.aceiteseltilo.com\/fr\/the-boutique\/\" target=\"_blank\" rel=\"noopener noreferrer\"><strong>L&rsquo;huile<\/strong> <strong>Cornicabra<\/strong><\/a> poss\u00e8de d&rsquo;excellentes propri\u00e9t\u00e9s et bienfaits pour la sant\u00e9, ce qui en fait un produit de qualit\u00e9.<\/p>\n<h2>Connaissez-vous les propri\u00e9t\u00e9s de l&rsquo;AOVE Cornicabra?<\/h2>\n<p><img decoding=\"async\" class=\"alignnone size-full wp-image-2019\" src=\"\/wp-content\/uploads\/2024\/11\/nadine-primeau-FfLlgRfL5l8-unsplash.jpg\" alt=\"\" width=\"1920\" height=\"1080\"><\/p>\n<ul>\n<li>Grande richesse en antioxydants naturels.<\/li>\n<li>Haut contenu en acide ol\u00e9ique (75%)<\/li>\n<li>Il agit comme un condiment ou un ar\u00f4me, pratiquement comme une sauce, qui rehausse la saveur et la texture des aliments, les rendant plus nutritifs et digestibles<\/li>\n<li>Id\u00e9al pour accompagner des aliments au go\u00fbt prononc\u00e9 ; dans les barbecues, les vinaigrettes, les gaspachos, les marinades, les toasts et le pain \u00e0 la tomate, ainsi que pour tous types d&rsquo;usages dans votre cuisine.<\/li>\n<\/ul>\n<p><strong>Prix: <\/strong>M\u00e9daille de Produit Gourmet de<a href=\"https:\/\/www.avpa.fr\/\"> l&rsquo;AVPA<\/a><\/p>\n<p><strong>Red\u00e9couvrez le go\u00fbt de l&rsquo;Extremadure avec notre AOVE Premium en ligne \u00e0 un prix unique!<\/strong><\/p>\n","protected":false},"excerpt":{"rendered":"<p>Aove Premium. Coffret cadeau gourmet de 1 bouteille d&rsquo;huile d&rsquo;olive vierge extra exclusivement de la vari\u00e9t\u00e9 Cornicabra.<\/p>\n","protected":false},"featured_media":1374,"template":"","meta":[],"product_brand":[],"product_cat":[60],"product_tag":[],"class_list":{"0":"post-1627","1":"product","2":"type-product","3":"status-publish","4":"has-post-thumbnail","6":"product_cat-aove-cornicabra-fr","8":"first","9":"instock","10":"shipping-taxable","11":"purchasable","12":"product-type-simple"},"yoast_head":"<!-- This site is optimized with the Yoast SEO plugin v27.1.1 - https:\/\/yoast.com\/product\/yoast-seo-wordpress\/ -->\n<title>Coffret cadeau de 1 bouteille d&#039;AOVE Premium - Aceites El Tilo<\/title>\n<meta name=\"robots\" content=\"index, follow, max-snippet:-1, max-image-preview:large, max-video-preview:-1\" \/>\n<link rel=\"canonical\" href=\"https:\/\/www.aceiteseltilo.com\/fr\/producto\/coffret-cadeau-1-bouteille\/\" \/>\n<meta property=\"og:locale\" content=\"fr_FR\" \/>\n<meta property=\"og:type\" content=\"article\" \/>\n<meta property=\"og:title\" content=\"Coffret cadeau de 1 bouteille d&#039;AOVE Premium - Aceites El Tilo\" \/>\n<meta property=\"og:description\" content=\"Aove Premium. Coffret cadeau gourmet de 1 bouteille d&#039;huile d&#039;olive vierge extra exclusivement de la vari\u00e9t\u00e9 Cornicabra.\" \/>\n<meta property=\"og:url\" content=\"https:\/\/www.aceiteseltilo.com\/fr\/producto\/coffret-cadeau-1-bouteille\/\" \/>\n<meta property=\"og:site_name\" content=\"Aceites El Tilo\" \/>\n<meta property=\"article:modified_time\" content=\"2025-01-23T09:46:18+00:00\" \/>\n<meta property=\"og:image\" content=\"https:\/\/www.aceiteseltilo.com\/wp-content\/uploads\/2024\/10\/image00004-scaled-1.jpg\" \/>\n\t<meta property=\"og:image:width\" content=\"1707\" \/>\n\t<meta property=\"og:image:height\" content=\"2560\" \/>\n\t<meta property=\"og:image:type\" content=\"image\/jpeg\" \/>\n<meta name=\"twitter:card\" content=\"summary_large_image\" \/>\n<meta name=\"twitter:label1\" content=\"Dur\u00e9e de lecture estim\u00e9e\" \/>\n\t<meta name=\"twitter:data1\" content=\"2 minutes\" \/>\n<script type=\"application\/ld+json\" class=\"yoast-schema-graph\">{\"@context\":\"https:\/\/schema.org\",\"@graph\":[{\"@type\":\"WebPage\",\"@id\":\"https:\/\/www.aceiteseltilo.com\/fr\/producto\/coffret-cadeau-1-bouteille\/\",\"url\":\"https:\/\/www.aceiteseltilo.com\/fr\/producto\/coffret-cadeau-1-bouteille\/\",\"name\":\"Coffret cadeau de 1 bouteille d'AOVE Premium - Aceites El Tilo\",\"isPartOf\":{\"@id\":\"https:\/\/www.aceiteseltilo.com\/#website\"},\"primaryImageOfPage\":{\"@id\":\"https:\/\/www.aceiteseltilo.com\/fr\/producto\/coffret-cadeau-1-bouteille\/#primaryimage\"},\"image\":{\"@id\":\"https:\/\/www.aceiteseltilo.com\/fr\/producto\/coffret-cadeau-1-bouteille\/#primaryimage\"},\"thumbnailUrl\":\"https:\/\/www.aceiteseltilo.com\/wp-content\/uploads\/2024\/10\/image00004-scaled-1.jpg\",\"datePublished\":\"2024-11-07T16:30:02+00:00\",\"dateModified\":\"2025-01-23T09:46:18+00:00\",\"breadcrumb\":{\"@id\":\"https:\/\/www.aceiteseltilo.com\/fr\/producto\/coffret-cadeau-1-bouteille\/#breadcrumb\"},\"inLanguage\":\"fr-FR\",\"potentialAction\":[{\"@type\":\"ReadAction\",\"target\":[\"https:\/\/www.aceiteseltilo.com\/fr\/producto\/coffret-cadeau-1-bouteille\/\"]}]},{\"@type\":\"ImageObject\",\"inLanguage\":\"fr-FR\",\"@id\":\"https:\/\/www.aceiteseltilo.com\/fr\/producto\/coffret-cadeau-1-bouteille\/#primaryimage\",\"url\":\"https:\/\/www.aceiteseltilo.com\/wp-content\/uploads\/2024\/10\/image00004-scaled-1.jpg\",\"contentUrl\":\"https:\/\/www.aceiteseltilo.com\/wp-content\/uploads\/2024\/10\/image00004-scaled-1.jpg\",\"width\":1707,\"height\":2560},{\"@type\":\"BreadcrumbList\",\"@id\":\"https:\/\/www.aceiteseltilo.com\/fr\/producto\/coffret-cadeau-1-bouteille\/#breadcrumb\",\"itemListElement\":[{\"@type\":\"ListItem\",\"position\":1,\"name\":\"Portada\",\"item\":\"https:\/\/www.aceiteseltilo.com\/fr\/\"},{\"@type\":\"ListItem\",\"position\":2,\"name\":\"The Boutique\",\"item\":\"https:\/\/www.aceiteseltilo.com\/fr\/the-boutique\/\"},{\"@type\":\"ListItem\",\"position\":3,\"name\":\"Coffret cadeau de 1 bouteille d&#8217;AOVE Premium\"}]},{\"@type\":\"WebSite\",\"@id\":\"https:\/\/www.aceiteseltilo.com\/#website\",\"url\":\"https:\/\/www.aceiteseltilo.com\/\",\"name\":\"Aceites El Tilo\",\"description\":\"Aceite de oliva virgen extra\",\"publisher\":{\"@id\":\"https:\/\/www.aceiteseltilo.com\/#organization\"},\"potentialAction\":[{\"@type\":\"SearchAction\",\"target\":{\"@type\":\"EntryPoint\",\"urlTemplate\":\"https:\/\/www.aceiteseltilo.com\/?s={search_term_string}\"},\"query-input\":{\"@type\":\"PropertyValueSpecification\",\"valueRequired\":true,\"valueName\":\"search_term_string\"}}],\"inLanguage\":\"fr-FR\"},{\"@type\":\"Organization\",\"@id\":\"https:\/\/www.aceiteseltilo.com\/#organization\",\"name\":\"Aceites el Tilo\",\"url\":\"https:\/\/www.aceiteseltilo.com\/\",\"logo\":{\"@type\":\"ImageObject\",\"inLanguage\":\"fr-FR\",\"@id\":\"https:\/\/www.aceiteseltilo.com\/#\/schema\/logo\/image\/\",\"url\":\"https:\/\/www.aceiteseltilo.com\/wp-content\/uploads\/2024\/10\/Modo_de_aislamiento-5.svg\",\"contentUrl\":\"https:\/\/www.aceiteseltilo.com\/wp-content\/uploads\/2024\/10\/Modo_de_aislamiento-5.svg\",\"width\":388,\"height\":163,\"caption\":\"Aceites el Tilo\"},\"image\":{\"@id\":\"https:\/\/www.aceiteseltilo.com\/#\/schema\/logo\/image\/\"}}]}<\/script>\n<!-- \/ Yoast SEO plugin. -->","yoast_head_json":{"title":"Coffret cadeau de 1 bouteille d'AOVE Premium - Aceites El Tilo","robots":{"index":"index","follow":"follow","max-snippet":"max-snippet:-1","max-image-preview":"max-image-preview:large","max-video-preview":"max-video-preview:-1"},"canonical":"https:\/\/www.aceiteseltilo.com\/fr\/producto\/coffret-cadeau-1-bouteille\/","og_locale":"fr_FR","og_type":"article","og_title":"Coffret cadeau de 1 bouteille d'AOVE Premium - Aceites El Tilo","og_description":"Aove Premium. Coffret cadeau gourmet de 1 bouteille d'huile d'olive vierge extra exclusivement de la vari\u00e9t\u00e9 Cornicabra.","og_url":"https:\/\/www.aceiteseltilo.com\/fr\/producto\/coffret-cadeau-1-bouteille\/","og_site_name":"Aceites El Tilo","article_modified_time":"2025-01-23T09:46:18+00:00","og_image":[{"width":1707,"height":2560,"url":"https:\/\/www.aceiteseltilo.com\/wp-content\/uploads\/2024\/10\/image00004-scaled-1.jpg","type":"image\/jpeg"}],"twitter_card":"summary_large_image","twitter_misc":{"Dur\u00e9e de lecture estim\u00e9e":"2 minutes"},"schema":{"@context":"https:\/\/schema.org","@graph":[{"@type":"WebPage","@id":"https:\/\/www.aceiteseltilo.com\/fr\/producto\/coffret-cadeau-1-bouteille\/","url":"https:\/\/www.aceiteseltilo.com\/fr\/producto\/coffret-cadeau-1-bouteille\/","name":"Coffret cadeau de 1 bouteille d'AOVE Premium - Aceites El Tilo","isPartOf":{"@id":"https:\/\/www.aceiteseltilo.com\/#website"},"primaryImageOfPage":{"@id":"https:\/\/www.aceiteseltilo.com\/fr\/producto\/coffret-cadeau-1-bouteille\/#primaryimage"},"image":{"@id":"https:\/\/www.aceiteseltilo.com\/fr\/producto\/coffret-cadeau-1-bouteille\/#primaryimage"},"thumbnailUrl":"https:\/\/www.aceiteseltilo.com\/wp-content\/uploads\/2024\/10\/image00004-scaled-1.jpg","datePublished":"2024-11-07T16:30:02+00:00","dateModified":"2025-01-23T09:46:18+00:00","breadcrumb":{"@id":"https:\/\/www.aceiteseltilo.com\/fr\/producto\/coffret-cadeau-1-bouteille\/#breadcrumb"},"inLanguage":"fr-FR","potentialAction":[{"@type":"ReadAction","target":["https:\/\/www.aceiteseltilo.com\/fr\/producto\/coffret-cadeau-1-bouteille\/"]}]},{"@type":"ImageObject","inLanguage":"fr-FR","@id":"https:\/\/www.aceiteseltilo.com\/fr\/producto\/coffret-cadeau-1-bouteille\/#primaryimage","url":"https:\/\/www.aceiteseltilo.com\/wp-content\/uploads\/2024\/10\/image00004-scaled-1.jpg","contentUrl":"https:\/\/www.aceiteseltilo.com\/wp-content\/uploads\/2024\/10\/image00004-scaled-1.jpg","width":1707,"height":2560},{"@type":"BreadcrumbList","@id":"https:\/\/www.aceiteseltilo.com\/fr\/producto\/coffret-cadeau-1-bouteille\/#breadcrumb","itemListElement":[{"@type":"ListItem","position":1,"name":"Portada","item":"https:\/\/www.aceiteseltilo.com\/fr\/"},{"@type":"ListItem","position":2,"name":"The Boutique","item":"https:\/\/www.aceiteseltilo.com\/fr\/the-boutique\/"},{"@type":"ListItem","position":3,"name":"Coffret cadeau de 1 bouteille d&#8217;AOVE Premium"}]},{"@type":"WebSite","@id":"https:\/\/www.aceiteseltilo.com\/#website","url":"https:\/\/www.aceiteseltilo.com\/","name":"Aceites El Tilo","description":"Aceite de oliva virgen extra","publisher":{"@id":"https:\/\/www.aceiteseltilo.com\/#organization"},"potentialAction":[{"@type":"SearchAction","target":{"@type":"EntryPoint","urlTemplate":"https:\/\/www.aceiteseltilo.com\/?s={search_term_string}"},"query-input":{"@type":"PropertyValueSpecification","valueRequired":true,"valueName":"search_term_string"}}],"inLanguage":"fr-FR"},{"@type":"Organization","@id":"https:\/\/www.aceiteseltilo.com\/#organization","name":"Aceites el Tilo","url":"https:\/\/www.aceiteseltilo.com\/","logo":{"@type":"ImageObject","inLanguage":"fr-FR","@id":"https:\/\/www.aceiteseltilo.com\/#\/schema\/logo\/image\/","url":"https:\/\/www.aceiteseltilo.com\/wp-content\/uploads\/2024\/10\/Modo_de_aislamiento-5.svg","contentUrl":"https:\/\/www.aceiteseltilo.com\/wp-content\/uploads\/2024\/10\/Modo_de_aislamiento-5.svg","width":388,"height":163,"caption":"Aceites el Tilo"},"image":{"@id":"https:\/\/www.aceiteseltilo.com\/#\/schema\/logo\/image\/"}}]}},"_links":{"self":[{"href":"https:\/\/www.aceiteseltilo.com\/fr\/wp-json\/wp\/v2\/product\/1627","targetHints":{"allow":["GET"]}}],"collection":[{"href":"https:\/\/www.aceiteseltilo.com\/fr\/wp-json\/wp\/v2\/product"}],"about":[{"href":"https:\/\/www.aceiteseltilo.com\/fr\/wp-json\/wp\/v2\/types\/product"}],"wp:featuredmedia":[{"embeddable":true,"href":"https:\/\/www.aceiteseltilo.com\/fr\/wp-json\/wp\/v2\/media\/1374"}],"wp:attachment":[{"href":"https:\/\/www.aceiteseltilo.com\/fr\/wp-json\/wp\/v2\/media?parent=1627"}],"wp:term":[{"taxonomy":"product_brand","embeddable":true,"href":"https:\/\/www.aceiteseltilo.com\/fr\/wp-json\/wp\/v2\/product_brand?post=1627"},{"taxonomy":"product_cat","embeddable":true,"href":"https:\/\/www.aceiteseltilo.com\/fr\/wp-json\/wp\/v2\/product_cat?post=1627"},{"taxonomy":"product_tag","embeddable":true,"href":"https:\/\/www.aceiteseltilo.com\/fr\/wp-json\/wp\/v2\/product_tag?post=1627"}],"curies":[{"name":"wp","href":"https:\/\/api.w.org\/{rel}","templated":true}]}}