{"id":1494,"date":"2024-10-30T14:20:11","date_gmt":"2024-10-30T13:20:11","guid":{"rendered":"https:\/\/www.aceiteseltilo.com\/propos-de-nous\/"},"modified":"2025-01-30T13:10:25","modified_gmt":"2025-01-30T12:10:25","slug":"propos-de-nous","status":"publish","type":"page","link":"https:\/\/www.aceiteseltilo.com\/fr\/propos-de-nous\/","title":{"rendered":"Propos de nous"},"content":{"rendered":"\t\t<div data-elementor-type=\"wp-page\" data-elementor-id=\"1494\" class=\"elementor elementor-1494 elementor-46\" data-elementor-post-type=\"page\">\n\t\t\t\t<div class=\"elementor-element elementor-element-857bc87 e-con-full e-flex e-con e-parent\" data-id=\"857bc87\" data-element_type=\"container\" data-e-type=\"container\">\n\t\t<div class=\"elementor-element elementor-element-1b9f7bf e-con-full e-flex e-con e-child\" data-id=\"1b9f7bf\" data-element_type=\"container\" data-e-type=\"container\" data-settings=\"{&quot;background_background&quot;:&quot;classic&quot;}\">\n\t\t<div class=\"elementor-element elementor-element-dd2d6cb e-con-full e-flex e-con e-child\" data-id=\"dd2d6cb\" data-element_type=\"container\" data-e-type=\"container\">\n\t\t\t\t<div class=\"elementor-element elementor-element-73c357d elementor-invisible elementor-widget elementor-widget-heading\" data-id=\"73c357d\" data-element_type=\"widget\" data-e-type=\"widget\" data-settings=\"{&quot;_animation&quot;:&quot;fadeInUp&quot;}\" data-widget_type=\"heading.default\">\n\t\t\t\t<div class=\"elementor-widget-container\">\n\t\t\t\t\t<h2 class=\"elementor-heading-title elementor-size-default\">HUILES EL TILO<\/h2>\t\t\t\t<\/div>\n\t\t\t\t<\/div>\n\t\t<div class=\"elementor-element elementor-element-98b379b e-con-full e-flex e-con e-child\" data-id=\"98b379b\" data-element_type=\"container\" data-e-type=\"container\">\n\t\t\t\t<div class=\"elementor-element elementor-element-01ddae9 elementor-widget elementor-widget-text-editor\" data-id=\"01ddae9\" data-element_type=\"widget\" data-e-type=\"widget\" data-widget_type=\"text-editor.default\">\n\t\t\t\t<div class=\"elementor-widget-container\">\n\t\t\t\t\t\t\t\t\t<p>Tradition familiale et passion pour l\u2019oliveraie dans chaque goutte<\/p>\n\t\t\t\t\t\t\t\t<\/div>\n\t\t\t\t<\/div>\n\t\t\t\t<\/div>\n\t\t\t\t<div class=\"elementor-element elementor-element-db7ef16 elementor-widget elementor-widget-text-editor\" data-id=\"db7ef16\" data-element_type=\"widget\" data-e-type=\"widget\" data-widget_type=\"text-editor.default\">\n\t\t\t\t<div class=\"elementor-widget-container\">\n\t\t\t\t\t\t\t\t\t<p>Huiles El Tilo est n\u00e9 de l\u2019amour de la famille Santos Diaz pour l\u2019olivier dans la sierra de las Villuercas. En 2014, Jaime Santos a agrandi la plantation familiale d\u2019oliviers et, avec sa famille, il a cr\u00e9\u00e9 la marque pour apporter au monde son huile exceptionnelle de r\u00e9colte pr\u00e9coce. <\/p>\n\t\t\t\t\t\t\t\t<\/div>\n\t\t\t\t<\/div>\n\t\t\t\t<\/div>\n\t\t\t\t<\/div>\n\t\t\t\t<\/div>\n\t\t<div class=\"elementor-element elementor-element-f4e0b75 e-flex e-con-boxed e-con e-parent\" data-id=\"f4e0b75\" data-element_type=\"container\" data-e-type=\"container\" data-settings=\"{&quot;background_background&quot;:&quot;classic&quot;}\">\n\t\t\t\t\t<div class=\"e-con-inner\">\n\t\t<div class=\"elementor-element elementor-element-0c9bd9f e-con-full e-flex e-con e-child\" data-id=\"0c9bd9f\" data-element_type=\"container\" data-e-type=\"container\">\n\t\t\t\t<div class=\"elementor-element elementor-element-2d5b93a elementor-invisible elementor-widget elementor-widget-heading\" data-id=\"2d5b93a\" data-element_type=\"widget\" data-e-type=\"widget\" data-settings=\"{&quot;_animation&quot;:&quot;fadeInUp&quot;}\" data-widget_type=\"heading.default\">\n\t\t\t\t<div class=\"elementor-widget-container\">\n\t\t\t\t\t<h2 class=\"elementor-heading-title elementor-size-default\">Histoire et engagement<\/h2>\t\t\t\t<\/div>\n\t\t\t\t<\/div>\n\t\t\t\t<div class=\"elementor-element elementor-element-adf4bb1 elementor-widget elementor-widget-text-editor\" data-id=\"adf4bb1\" data-element_type=\"widget\" data-e-type=\"widget\" data-widget_type=\"text-editor.default\">\n\t\t\t\t<div class=\"elementor-widget-container\">\n\t\t\t\t\t\t\t\t\t<p>Huiles el Tilo, est n\u00e9 au sein d\u2019une famille humble qui a consacr\u00e9 toute sa vie \u00e0 l\u2019agriculture et la culture de l\u2019olivier dans la sierra de las Villuercas (C\u00e1ceres), o\u00f9 il existe une grande tradition ol\u00e9icole. Les huiles obtenues \u00e0 partir de ses oliviers transmettent tout l\u2019amour pour la terre cultiv\u00e9e par la famille Santos Diaz depuis des g\u00e9n\u00e9rations. <\/p>\n<p>oEn 2014 Jaime Santos Barroso a agrandi l\u2019oliveraie d\u2019origine en sec de la ferme familiale \u00ab\u00a0El Tilo\u00a0\u00bb avec la plantation de 7000 oliviers de la m\u00eame vari\u00e9t\u00e9 cornicabra, avec un syst\u00e8me d\u2019irrigation au goutte \u00e0 goutte. Peu de temps apr\u00e8s, avec son \u00e9pouse Mo Carmen et leurs enfants Pablo et Jaime, ils d\u00e9cident de miser sur la commercialisation de leurs huiles de r\u00e9colte pr\u00e9coce en cr\u00e9ant l\u2019entreprise \u00ab\u00a0Aceites El Tilo\u00a0\u00bb et la marque du m\u00eame nom. <\/p>\n\t\t\t\t\t\t\t\t<\/div>\n\t\t\t\t<\/div>\n\t\t\t\t<div class=\"elementor-element elementor-element-c183ac8 elementor-align-left elementor-widget elementor-widget-button\" data-id=\"c183ac8\" data-element_type=\"widget\" data-e-type=\"widget\" data-widget_type=\"button.default\">\n\t\t\t\t<div class=\"elementor-widget-container\">\n\t\t\t\t\t\t\t\t\t<div class=\"elementor-button-wrapper\">\n\t\t\t\t\t<a class=\"elementor-button elementor-button-link elementor-size-sm\" href=\"\/fr\/the-boutique\/\">\n\t\t\t\t\t\t<span class=\"elementor-button-content-wrapper\">\n\t\t\t\t\t\t\t\t\t<span class=\"elementor-button-text\">Notre AOVE<\/span>\n\t\t\t\t\t<\/span>\n\t\t\t\t\t<\/a>\n\t\t\t\t<\/div>\n\t\t\t\t\t\t\t\t<\/div>\n\t\t\t\t<\/div>\n\t\t\t\t<\/div>\n\t\t<div class=\"elementor-element elementor-element-a47ad59 e-con-full e-flex e-con e-child\" data-id=\"a47ad59\" data-element_type=\"container\" data-e-type=\"container\">\n\t\t\t\t<div class=\"elementor-element elementor-element-069350c elementor-widget elementor-widget-image\" data-id=\"069350c\" data-element_type=\"widget\" data-e-type=\"widget\" data-widget_type=\"image.default\">\n\t\t\t\t<div class=\"elementor-widget-container\">\n\t\t\t\t\t\t\t\t\t\t\t\t\t\t\t<img fetchpriority=\"high\" decoding=\"async\" width=\"800\" height=\"800\" src=\"https:\/\/www.aceiteseltilo.com\/wp-content\/uploads\/2024\/10\/nosotros-finca.png\" class=\"attachment-large size-large wp-image-1366\" alt=\"\" srcset=\"https:\/\/www.aceiteseltilo.com\/wp-content\/uploads\/2024\/10\/nosotros-finca.png 810w, https:\/\/www.aceiteseltilo.com\/wp-content\/uploads\/2024\/10\/nosotros-finca-500x500.png 500w, https:\/\/www.aceiteseltilo.com\/wp-content\/uploads\/2024\/10\/nosotros-finca-100x100.png 100w, https:\/\/www.aceiteseltilo.com\/wp-content\/uploads\/2024\/10\/nosotros-finca-600x600.png 600w, https:\/\/www.aceiteseltilo.com\/wp-content\/uploads\/2024\/10\/nosotros-finca-300x300.png 300w, https:\/\/www.aceiteseltilo.com\/wp-content\/uploads\/2024\/10\/nosotros-finca-150x150.png 150w, https:\/\/www.aceiteseltilo.com\/wp-content\/uploads\/2024\/10\/nosotros-finca-768x768.png 768w\" sizes=\"(max-width: 800px) 100vw, 800px\" \/>\t\t\t\t\t\t\t\t\t\t\t\t\t\t\t<\/div>\n\t\t\t\t<\/div>\n\t\t\t\t<div class=\"elementor-element elementor-element-74a9859 elementor-absolute e-transform elementor-widget elementor-widget-image\" data-id=\"74a9859\" data-element_type=\"widget\" data-e-type=\"widget\" data-settings=\"{&quot;_position&quot;:&quot;absolute&quot;,&quot;_transform_translateX_effect&quot;:{&quot;unit&quot;:&quot;px&quot;,&quot;size&quot;:-135,&quot;sizes&quot;:[]},&quot;_transform_translateY_effect&quot;:{&quot;unit&quot;:&quot;px&quot;,&quot;size&quot;:233,&quot;sizes&quot;:[]},&quot;_transform_translateX_effect_mobile&quot;:{&quot;unit&quot;:&quot;px&quot;,&quot;size&quot;:11,&quot;sizes&quot;:[]},&quot;_transform_translateY_effect_mobile&quot;:{&quot;unit&quot;:&quot;px&quot;,&quot;size&quot;:99,&quot;sizes&quot;:[]},&quot;_transform_translateX_effect_tablet&quot;:{&quot;unit&quot;:&quot;px&quot;,&quot;size&quot;:&quot;&quot;,&quot;sizes&quot;:[]},&quot;_transform_translateY_effect_tablet&quot;:{&quot;unit&quot;:&quot;px&quot;,&quot;size&quot;:&quot;&quot;,&quot;sizes&quot;:[]}}\" data-widget_type=\"image.default\">\n\t\t\t\t<div class=\"elementor-widget-container\">\n\t\t\t\t\t\t\t\t\t\t\t\t\t\t\t<img decoding=\"async\" width=\"1\" height=\"1\" src=\"https:\/\/www.aceiteseltilo.com\/wp-content\/uploads\/2024\/11\/Capa_1-5.svg\" class=\"attachment-large size-large wp-image-1404\" alt=\"\" \/>\t\t\t\t\t\t\t\t\t\t\t\t\t\t\t<\/div>\n\t\t\t\t<\/div>\n\t\t\t\t<\/div>\n\t\t\t\t\t<\/div>\n\t\t\t\t<\/div>\n\t\t<div class=\"elementor-element elementor-element-ae3ae4e e-flex e-con-boxed e-con e-parent\" data-id=\"ae3ae4e\" data-element_type=\"container\" data-e-type=\"container\">\n\t\t\t\t\t<div class=\"e-con-inner\">\n\t\t<div class=\"elementor-element elementor-element-790acd6 e-con-full e-flex e-con e-child\" data-id=\"790acd6\" data-element_type=\"container\" data-e-type=\"container\" data-settings=\"{&quot;background_background&quot;:&quot;classic&quot;}\">\n\t\t<div class=\"elementor-element elementor-element-2e164df e-con-full e-flex e-con e-child\" data-id=\"2e164df\" data-element_type=\"container\" data-e-type=\"container\">\n\t\t\t\t<div class=\"elementor-element elementor-element-6bfd127 elementor-invisible elementor-widget elementor-widget-heading\" data-id=\"6bfd127\" data-element_type=\"widget\" data-e-type=\"widget\" data-settings=\"{&quot;_animation&quot;:&quot;fadeInUp&quot;}\" data-widget_type=\"heading.default\">\n\t\t\t\t<div class=\"elementor-widget-container\">\n\t\t\t\t\t<h2 class=\"elementor-heading-title elementor-size-default\">De G\u00c9N\u00c9RATION EN G\u00c9N\u00c9RATION<\/h2>\t\t\t\t<\/div>\n\t\t\t\t<\/div>\n\t\t\t\t<div class=\"elementor-element elementor-element-03aab08 elementor-widget elementor-widget-text-editor\" data-id=\"03aab08\" data-element_type=\"widget\" data-e-type=\"widget\" data-widget_type=\"text-editor.default\">\n\t\t\t\t<div class=\"elementor-widget-container\">\n\t\t\t\t\t\t\t\t\t<p>Tous les connaissances transmises de g\u00e9n\u00e9ration en g\u00e9n\u00e9ration, avec les nouvelles technologies de culture et d\u2019extraction, nous ont permis d\u2019obtenir des huiles monovari\u00e9tales cornicabra, de haute qualit\u00e9 sensorielle et de grands attributs sains, fruit de l\u2019environnement naturel, unique et in\u00e9gal\u00e9e, de la Sierra de las Villuercas o\u00f9 notre ferme est situ\u00e9e.<\/p>\n\t\t\t\t\t\t\t\t<\/div>\n\t\t\t\t<\/div>\n\t\t\t\t<div class=\"elementor-element elementor-element-865c03d elementor-align-center elementor-widget elementor-widget-button\" data-id=\"865c03d\" data-element_type=\"widget\" data-e-type=\"widget\" data-widget_type=\"button.default\">\n\t\t\t\t<div class=\"elementor-widget-container\">\n\t\t\t\t\t\t\t\t\t<div class=\"elementor-button-wrapper\">\n\t\t\t\t\t<a class=\"elementor-button elementor-button-link elementor-size-sm\" href=\"\/fr\/the-boutique\/\">\n\t\t\t\t\t\t<span class=\"elementor-button-content-wrapper\">\n\t\t\t\t\t\t\t\t\t<span class=\"elementor-button-text\">Notre boutique<\/span>\n\t\t\t\t\t<\/span>\n\t\t\t\t\t<\/a>\n\t\t\t\t<\/div>\n\t\t\t\t\t\t\t\t<\/div>\n\t\t\t\t<\/div>\n\t\t\t\t<\/div>\n\t\t\t\t<\/div>\n\t\t\t\t\t<\/div>\n\t\t\t\t<\/div>\n\t\t\t\t<\/div>\n\t\t","protected":false},"excerpt":{"rendered":"<p>HUILES EL TILO Tradition familiale et passion pour l\u2019oliveraie dans chaque goutte Huiles El Tilo est n\u00e9 de l\u2019amour de la famille Santos Diaz pour l\u2019olivier dans la sierra de las Villuercas. En 2014, Jaime Santos a agrandi la plantation familiale d\u2019oliviers et, avec sa famille, il a cr\u00e9\u00e9 la marque pour apporter au monde [&hellip;]<\/p>\n","protected":false},"author":1,"featured_media":0,"parent":0,"menu_order":0,"comment_status":"closed","ping_status":"closed","template":"elementor_header_footer","meta":{"footnotes":""},"class_list":["post-1494","page","type-page","status-publish","hentry"],"yoast_head":"<!-- This site is optimized with the Yoast SEO plugin v27.1.1 - https:\/\/yoast.com\/product\/yoast-seo-wordpress\/ -->\n<title>Propos de nous - Aceites El Tilo<\/title>\n<meta name=\"robots\" content=\"index, follow, max-snippet:-1, max-image-preview:large, max-video-preview:-1\" \/>\n<link rel=\"canonical\" href=\"https:\/\/www.aceiteseltilo.com\/fr\/propos-de-nous\/\" \/>\n<meta property=\"og:locale\" content=\"fr_FR\" \/>\n<meta property=\"og:type\" content=\"article\" \/>\n<meta property=\"og:title\" content=\"Propos de nous - Aceites El Tilo\" \/>\n<meta property=\"og:description\" content=\"HUILES EL TILO Tradition familiale et passion pour l\u2019oliveraie dans chaque goutte Huiles El Tilo est n\u00e9 de l\u2019amour de la famille Santos Diaz pour l\u2019olivier dans la sierra de las Villuercas. En 2014, Jaime Santos a agrandi la plantation familiale d\u2019oliviers et, avec sa famille, il a cr\u00e9\u00e9 la marque pour apporter au monde [&hellip;]\" \/>\n<meta property=\"og:url\" content=\"https:\/\/www.aceiteseltilo.com\/fr\/propos-de-nous\/\" \/>\n<meta property=\"og:site_name\" content=\"Aceites El Tilo\" \/>\n<meta property=\"article:modified_time\" content=\"2025-01-30T12:10:25+00:00\" \/>\n<meta property=\"og:image\" content=\"https:\/\/www.aceiteseltilo.com\/wp-content\/uploads\/2024\/10\/nosotros-finca.png\" \/>\n<meta name=\"twitter:card\" content=\"summary_large_image\" \/>\n<meta name=\"twitter:label1\" content=\"Dur\u00e9e de lecture estim\u00e9e\" \/>\n\t<meta name=\"twitter:data1\" content=\"2 minutes\" \/>\n<script type=\"application\/ld+json\" class=\"yoast-schema-graph\">{\"@context\":\"https:\/\/schema.org\",\"@graph\":[{\"@type\":\"WebPage\",\"@id\":\"https:\/\/www.aceiteseltilo.com\/fr\/propos-de-nous\/\",\"url\":\"https:\/\/www.aceiteseltilo.com\/fr\/propos-de-nous\/\",\"name\":\"Propos de nous - Aceites El Tilo\",\"isPartOf\":{\"@id\":\"https:\/\/www.aceiteseltilo.com\/#website\"},\"primaryImageOfPage\":{\"@id\":\"https:\/\/www.aceiteseltilo.com\/fr\/propos-de-nous\/#primaryimage\"},\"image\":{\"@id\":\"https:\/\/www.aceiteseltilo.com\/fr\/propos-de-nous\/#primaryimage\"},\"thumbnailUrl\":\"https:\/\/www.aceiteseltilo.com\/wp-content\/uploads\/2024\/10\/nosotros-finca.png\",\"datePublished\":\"2024-10-30T13:20:11+00:00\",\"dateModified\":\"2025-01-30T12:10:25+00:00\",\"breadcrumb\":{\"@id\":\"https:\/\/www.aceiteseltilo.com\/fr\/propos-de-nous\/#breadcrumb\"},\"inLanguage\":\"fr-FR\",\"potentialAction\":[{\"@type\":\"ReadAction\",\"target\":[\"https:\/\/www.aceiteseltilo.com\/fr\/propos-de-nous\/\"]}]},{\"@type\":\"ImageObject\",\"inLanguage\":\"fr-FR\",\"@id\":\"https:\/\/www.aceiteseltilo.com\/fr\/propos-de-nous\/#primaryimage\",\"url\":\"https:\/\/www.aceiteseltilo.com\/wp-content\/uploads\/2024\/10\/nosotros-finca.png\",\"contentUrl\":\"https:\/\/www.aceiteseltilo.com\/wp-content\/uploads\/2024\/10\/nosotros-finca.png\"},{\"@type\":\"BreadcrumbList\",\"@id\":\"https:\/\/www.aceiteseltilo.com\/fr\/propos-de-nous\/#breadcrumb\",\"itemListElement\":[{\"@type\":\"ListItem\",\"position\":1,\"name\":\"Portada\",\"item\":\"https:\/\/www.aceiteseltilo.com\/fr\/\"},{\"@type\":\"ListItem\",\"position\":2,\"name\":\"Propos de nous\"}]},{\"@type\":\"WebSite\",\"@id\":\"https:\/\/www.aceiteseltilo.com\/#website\",\"url\":\"https:\/\/www.aceiteseltilo.com\/\",\"name\":\"Aceites El Tilo\",\"description\":\"Aceite de oliva virgen extra\",\"publisher\":{\"@id\":\"https:\/\/www.aceiteseltilo.com\/#organization\"},\"potentialAction\":[{\"@type\":\"SearchAction\",\"target\":{\"@type\":\"EntryPoint\",\"urlTemplate\":\"https:\/\/www.aceiteseltilo.com\/?s={search_term_string}\"},\"query-input\":{\"@type\":\"PropertyValueSpecification\",\"valueRequired\":true,\"valueName\":\"search_term_string\"}}],\"inLanguage\":\"fr-FR\"},{\"@type\":\"Organization\",\"@id\":\"https:\/\/www.aceiteseltilo.com\/#organization\",\"name\":\"Aceites el Tilo\",\"url\":\"https:\/\/www.aceiteseltilo.com\/\",\"logo\":{\"@type\":\"ImageObject\",\"inLanguage\":\"fr-FR\",\"@id\":\"https:\/\/www.aceiteseltilo.com\/#\/schema\/logo\/image\/\",\"url\":\"https:\/\/www.aceiteseltilo.com\/wp-content\/uploads\/2024\/10\/Modo_de_aislamiento-5.svg\",\"contentUrl\":\"https:\/\/www.aceiteseltilo.com\/wp-content\/uploads\/2024\/10\/Modo_de_aislamiento-5.svg\",\"width\":388,\"height\":163,\"caption\":\"Aceites el Tilo\"},\"image\":{\"@id\":\"https:\/\/www.aceiteseltilo.com\/#\/schema\/logo\/image\/\"}}]}<\/script>\n<!-- \/ Yoast SEO plugin. -->","yoast_head_json":{"title":"Propos de nous - Aceites El Tilo","robots":{"index":"index","follow":"follow","max-snippet":"max-snippet:-1","max-image-preview":"max-image-preview:large","max-video-preview":"max-video-preview:-1"},"canonical":"https:\/\/www.aceiteseltilo.com\/fr\/propos-de-nous\/","og_locale":"fr_FR","og_type":"article","og_title":"Propos de nous - Aceites El Tilo","og_description":"HUILES EL TILO Tradition familiale et passion pour l\u2019oliveraie dans chaque goutte Huiles El Tilo est n\u00e9 de l\u2019amour de la famille Santos Diaz pour l\u2019olivier dans la sierra de las Villuercas. En 2014, Jaime Santos a agrandi la plantation familiale d\u2019oliviers et, avec sa famille, il a cr\u00e9\u00e9 la marque pour apporter au monde [&hellip;]","og_url":"https:\/\/www.aceiteseltilo.com\/fr\/propos-de-nous\/","og_site_name":"Aceites El Tilo","article_modified_time":"2025-01-30T12:10:25+00:00","og_image":[{"url":"https:\/\/www.aceiteseltilo.com\/wp-content\/uploads\/2024\/10\/nosotros-finca.png","type":"","width":"","height":""}],"twitter_card":"summary_large_image","twitter_misc":{"Dur\u00e9e de lecture estim\u00e9e":"2 minutes"},"schema":{"@context":"https:\/\/schema.org","@graph":[{"@type":"WebPage","@id":"https:\/\/www.aceiteseltilo.com\/fr\/propos-de-nous\/","url":"https:\/\/www.aceiteseltilo.com\/fr\/propos-de-nous\/","name":"Propos de nous - Aceites El Tilo","isPartOf":{"@id":"https:\/\/www.aceiteseltilo.com\/#website"},"primaryImageOfPage":{"@id":"https:\/\/www.aceiteseltilo.com\/fr\/propos-de-nous\/#primaryimage"},"image":{"@id":"https:\/\/www.aceiteseltilo.com\/fr\/propos-de-nous\/#primaryimage"},"thumbnailUrl":"https:\/\/www.aceiteseltilo.com\/wp-content\/uploads\/2024\/10\/nosotros-finca.png","datePublished":"2024-10-30T13:20:11+00:00","dateModified":"2025-01-30T12:10:25+00:00","breadcrumb":{"@id":"https:\/\/www.aceiteseltilo.com\/fr\/propos-de-nous\/#breadcrumb"},"inLanguage":"fr-FR","potentialAction":[{"@type":"ReadAction","target":["https:\/\/www.aceiteseltilo.com\/fr\/propos-de-nous\/"]}]},{"@type":"ImageObject","inLanguage":"fr-FR","@id":"https:\/\/www.aceiteseltilo.com\/fr\/propos-de-nous\/#primaryimage","url":"https:\/\/www.aceiteseltilo.com\/wp-content\/uploads\/2024\/10\/nosotros-finca.png","contentUrl":"https:\/\/www.aceiteseltilo.com\/wp-content\/uploads\/2024\/10\/nosotros-finca.png"},{"@type":"BreadcrumbList","@id":"https:\/\/www.aceiteseltilo.com\/fr\/propos-de-nous\/#breadcrumb","itemListElement":[{"@type":"ListItem","position":1,"name":"Portada","item":"https:\/\/www.aceiteseltilo.com\/fr\/"},{"@type":"ListItem","position":2,"name":"Propos de nous"}]},{"@type":"WebSite","@id":"https:\/\/www.aceiteseltilo.com\/#website","url":"https:\/\/www.aceiteseltilo.com\/","name":"Aceites El Tilo","description":"Aceite de oliva virgen extra","publisher":{"@id":"https:\/\/www.aceiteseltilo.com\/#organization"},"potentialAction":[{"@type":"SearchAction","target":{"@type":"EntryPoint","urlTemplate":"https:\/\/www.aceiteseltilo.com\/?s={search_term_string}"},"query-input":{"@type":"PropertyValueSpecification","valueRequired":true,"valueName":"search_term_string"}}],"inLanguage":"fr-FR"},{"@type":"Organization","@id":"https:\/\/www.aceiteseltilo.com\/#organization","name":"Aceites el Tilo","url":"https:\/\/www.aceiteseltilo.com\/","logo":{"@type":"ImageObject","inLanguage":"fr-FR","@id":"https:\/\/www.aceiteseltilo.com\/#\/schema\/logo\/image\/","url":"https:\/\/www.aceiteseltilo.com\/wp-content\/uploads\/2024\/10\/Modo_de_aislamiento-5.svg","contentUrl":"https:\/\/www.aceiteseltilo.com\/wp-content\/uploads\/2024\/10\/Modo_de_aislamiento-5.svg","width":388,"height":163,"caption":"Aceites el Tilo"},"image":{"@id":"https:\/\/www.aceiteseltilo.com\/#\/schema\/logo\/image\/"}}]}},"_links":{"self":[{"href":"https:\/\/www.aceiteseltilo.com\/fr\/wp-json\/wp\/v2\/pages\/1494","targetHints":{"allow":["GET"]}}],"collection":[{"href":"https:\/\/www.aceiteseltilo.com\/fr\/wp-json\/wp\/v2\/pages"}],"about":[{"href":"https:\/\/www.aceiteseltilo.com\/fr\/wp-json\/wp\/v2\/types\/page"}],"author":[{"embeddable":true,"href":"https:\/\/www.aceiteseltilo.com\/fr\/wp-json\/wp\/v2\/users\/1"}],"replies":[{"embeddable":true,"href":"https:\/\/www.aceiteseltilo.com\/fr\/wp-json\/wp\/v2\/comments?post=1494"}],"version-history":[{"count":10,"href":"https:\/\/www.aceiteseltilo.com\/fr\/wp-json\/wp\/v2\/pages\/1494\/revisions"}],"predecessor-version":[{"id":1954,"href":"https:\/\/www.aceiteseltilo.com\/fr\/wp-json\/wp\/v2\/pages\/1494\/revisions\/1954"}],"wp:attachment":[{"href":"https:\/\/www.aceiteseltilo.com\/fr\/wp-json\/wp\/v2\/media?parent=1494"}],"curies":[{"name":"wp","href":"https:\/\/api.w.org\/{rel}","templated":true}]}}