{"id":2030,"date":"2024-11-07T17:24:07","date_gmt":"2024-11-07T16:24:07","guid":{"rendered":"https:\/\/www.aceiteseltilo.com\/producto\/dose-3l\/"},"modified":"2024-11-07T17:24:07","modified_gmt":"2024-11-07T16:24:07","slug":"dose-3l","status":"publish","type":"product","link":"https:\/\/www.aceiteseltilo.com\/de\/producto\/dose-3l\/","title":{"rendered":"Natives Oliven\u00f6l Extra 3L Dose"},"content":{"rendered":"<h2>500ml Oliven\u00f6lflascheVon Extremadura in die Welt &#8211; Das EVOO, das den Geschmack unseres Landes widerspiegelt<\/h2>\n<p><img fetchpriority=\"high\" decoding=\"async\" class=\"alignnone wp-image-2023 size-full\" src=\"\/wp-content\/uploads\/2024\/11\/Captura-de-pantalla-2020-07-07-a-las-11.45.54-e1594115087595.png\" alt=\"\" width=\"1021\" height=\"416\"><\/p>\n<p>Sie <a href=\"https:\/\/www.aceiteseltilo.com\/de\/der-laden\/\" target=\"_blank\" rel=\"noopener noreferrer\">k\u00f6nnen<\/a> <strong>unser Oliven\u00f6l<\/strong> in einer 3-Liter-Dose mit Siebdruck kaufen, in der ausschlie\u00dflich natives Oliven\u00f6l extra der Sorte Cornicabra enthalten ist. Die Olivensorte Cornicabra gilt als eine der ges\u00fcndesten der Welt: <\/p>\n<h2>Kennen Sie die Eigenschaften von Cornicabra EVOO?<\/h2>\n<p><img decoding=\"async\" class=\"alignnone size-full wp-image-2019\" src=\"\/wp-content\/uploads\/2024\/11\/nadine-primeau-FfLlgRfL5l8-unsplash.jpg\" alt=\"\" width=\"1920\" height=\"1080\"><\/p>\n<ul>\n<li>Reich an nat\u00fcrlichen Antioxidantien.<\/li>\n<li>Hoher \u00d6ls\u00e4uregehalt (75%)<\/li>\n<li>Es dient als W\u00fcrzmittel oder Aromastoff, fast wie eine Sauce, die den Geschmack und die Textur von Lebensmitteln verbessert und sie nahrhafter und bek\u00f6mmlicher macht.<\/li>\n<li>Ideal zum Begleiten von Speisen mit ausgepr\u00e4gtem Geschmack, f\u00fcr Grillgerichte, Salatdressings, Gazpacho, Marinaden, Toast und Brot mit Tomate und f\u00fcr alle m\u00f6glichen Anwendungen in Ihrer K\u00fcche.<\/li>\n<\/ul>\n<p><a href=\"https:\/\/www.aceiteseltilo.com\/de\/die-ole\/\" target=\"_blank\" rel=\"noopener noreferrer\">Unser <strong>Oliven\u00f6<\/strong>l<\/a> in Dosen hat einen besonderen Geschmack, den Sie nur entdecken werden, wenn Sie es probieren. Mit seinem frischen und fruchtigen Geschmack unterstreicht es den Geschmack Ihrer Salate oder Sie verwenden es auf Fisch, Fleisch oder Gem\u00fcse, um den Geschmack Ihrer Mahlzeiten zu unterstreichen. <\/p>\n<p><strong>Auszeichnung:<\/strong> Ausgezeichnet mit der <a href=\"https:\/\/www.avpa.fr\/\">AVPA<\/a>-Medaille f\u00fcr Gourmetprodukte.<\/p>\n","protected":false},"excerpt":{"rendered":"<p>Oliven\u00f6l 3L-Dose mit Siebdruck f\u00fcr natives Oliven\u00f6l extra, ausschlie\u00dflich der Sorte Cornicabra.<\/p>\n","protected":false},"featured_media":2031,"template":"","meta":[],"product_brand":[],"product_cat":[79],"product_tag":[],"class_list":{"0":"post-2030","1":"product","2":"type-product","3":"status-publish","4":"has-post-thumbnail","6":"product_cat-cornicabra-olivenol","8":"first","9":"instock","10":"shipping-taxable","11":"purchasable","12":"product-type-simple"},"yoast_head":"<!-- This site is optimized with the Yoast SEO plugin v27.1.1 - https:\/\/yoast.com\/product\/yoast-seo-wordpress\/ -->\n<title>Natives Oliven\u00f6l Extra 3L Dose - Aceites El Tilo<\/title>\n<meta name=\"robots\" content=\"index, follow, max-snippet:-1, max-image-preview:large, max-video-preview:-1\" \/>\n<link rel=\"canonical\" href=\"https:\/\/www.aceiteseltilo.com\/de\/producto\/dose-3l\/\" \/>\n<meta property=\"og:locale\" content=\"de_DE\" \/>\n<meta property=\"og:type\" content=\"article\" \/>\n<meta property=\"og:title\" content=\"Natives Oliven\u00f6l Extra 3L Dose - Aceites El Tilo\" \/>\n<meta property=\"og:description\" content=\"Oliven\u00f6l 3L-Dose mit Siebdruck f\u00fcr natives Oliven\u00f6l extra, ausschlie\u00dflich der Sorte Cornicabra.\" \/>\n<meta property=\"og:url\" content=\"https:\/\/www.aceiteseltilo.com\/de\/producto\/dose-3l\/\" \/>\n<meta property=\"og:site_name\" content=\"Aceites El Tilo\" \/>\n<meta property=\"og:image\" content=\"https:\/\/www.aceiteseltilo.com\/wp-content\/uploads\/2024\/11\/image00005-scaled.jpg\" \/>\n\t<meta property=\"og:image:width\" content=\"1707\" \/>\n\t<meta property=\"og:image:height\" content=\"2560\" \/>\n\t<meta property=\"og:image:type\" content=\"image\/jpeg\" \/>\n<meta name=\"twitter:card\" content=\"summary_large_image\" \/>\n<meta name=\"twitter:label1\" content=\"Gesch\u00e4tzte Lesezeit\" \/>\n\t<meta name=\"twitter:data1\" content=\"1\u00a0Minute\" \/>\n<script type=\"application\/ld+json\" class=\"yoast-schema-graph\">{\"@context\":\"https:\/\/schema.org\",\"@graph\":[{\"@type\":\"WebPage\",\"@id\":\"https:\/\/www.aceiteseltilo.com\/de\/producto\/dose-3l\/\",\"url\":\"https:\/\/www.aceiteseltilo.com\/de\/producto\/dose-3l\/\",\"name\":\"Natives Oliven\u00f6l Extra 3L Dose - Aceites El Tilo\",\"isPartOf\":{\"@id\":\"https:\/\/www.aceiteseltilo.com\/#website\"},\"primaryImageOfPage\":{\"@id\":\"https:\/\/www.aceiteseltilo.com\/de\/producto\/dose-3l\/#primaryimage\"},\"image\":{\"@id\":\"https:\/\/www.aceiteseltilo.com\/de\/producto\/dose-3l\/#primaryimage\"},\"thumbnailUrl\":\"https:\/\/www.aceiteseltilo.com\/wp-content\/uploads\/2024\/11\/image00005-scaled.jpg\",\"datePublished\":\"2024-11-07T16:24:07+00:00\",\"breadcrumb\":{\"@id\":\"https:\/\/www.aceiteseltilo.com\/de\/producto\/dose-3l\/#breadcrumb\"},\"inLanguage\":\"de\",\"potentialAction\":[{\"@type\":\"ReadAction\",\"target\":[\"https:\/\/www.aceiteseltilo.com\/de\/producto\/dose-3l\/\"]}]},{\"@type\":\"ImageObject\",\"inLanguage\":\"de\",\"@id\":\"https:\/\/www.aceiteseltilo.com\/de\/producto\/dose-3l\/#primaryimage\",\"url\":\"https:\/\/www.aceiteseltilo.com\/wp-content\/uploads\/2024\/11\/image00005-scaled.jpg\",\"contentUrl\":\"https:\/\/www.aceiteseltilo.com\/wp-content\/uploads\/2024\/11\/image00005-scaled.jpg\",\"width\":1707,\"height\":2560},{\"@type\":\"BreadcrumbList\",\"@id\":\"https:\/\/www.aceiteseltilo.com\/de\/producto\/dose-3l\/#breadcrumb\",\"itemListElement\":[{\"@type\":\"ListItem\",\"position\":1,\"name\":\"Portada\",\"item\":\"https:\/\/www.aceiteseltilo.com\/de\/\"},{\"@type\":\"ListItem\",\"position\":2,\"name\":\"Der Laden\",\"item\":\"https:\/\/www.aceiteseltilo.com\/der-laden\/\"},{\"@type\":\"ListItem\",\"position\":3,\"name\":\"Natives Oliven\u00f6l Extra 3L Dose\"}]},{\"@type\":\"WebSite\",\"@id\":\"https:\/\/www.aceiteseltilo.com\/#website\",\"url\":\"https:\/\/www.aceiteseltilo.com\/\",\"name\":\"Aceites El Tilo\",\"description\":\"Aceite de oliva virgen extra\",\"publisher\":{\"@id\":\"https:\/\/www.aceiteseltilo.com\/#organization\"},\"potentialAction\":[{\"@type\":\"SearchAction\",\"target\":{\"@type\":\"EntryPoint\",\"urlTemplate\":\"https:\/\/www.aceiteseltilo.com\/?s={search_term_string}\"},\"query-input\":{\"@type\":\"PropertyValueSpecification\",\"valueRequired\":true,\"valueName\":\"search_term_string\"}}],\"inLanguage\":\"de\"},{\"@type\":\"Organization\",\"@id\":\"https:\/\/www.aceiteseltilo.com\/#organization\",\"name\":\"Aceites el Tilo\",\"url\":\"https:\/\/www.aceiteseltilo.com\/\",\"logo\":{\"@type\":\"ImageObject\",\"inLanguage\":\"de\",\"@id\":\"https:\/\/www.aceiteseltilo.com\/#\/schema\/logo\/image\/\",\"url\":\"https:\/\/www.aceiteseltilo.com\/wp-content\/uploads\/2024\/10\/Modo_de_aislamiento-5.svg\",\"contentUrl\":\"https:\/\/www.aceiteseltilo.com\/wp-content\/uploads\/2024\/10\/Modo_de_aislamiento-5.svg\",\"width\":388,\"height\":163,\"caption\":\"Aceites el Tilo\"},\"image\":{\"@id\":\"https:\/\/www.aceiteseltilo.com\/#\/schema\/logo\/image\/\"}}]}<\/script>\n<!-- \/ Yoast SEO plugin. -->","yoast_head_json":{"title":"Natives Oliven\u00f6l Extra 3L Dose - Aceites El Tilo","robots":{"index":"index","follow":"follow","max-snippet":"max-snippet:-1","max-image-preview":"max-image-preview:large","max-video-preview":"max-video-preview:-1"},"canonical":"https:\/\/www.aceiteseltilo.com\/de\/producto\/dose-3l\/","og_locale":"de_DE","og_type":"article","og_title":"Natives Oliven\u00f6l Extra 3L Dose - Aceites El Tilo","og_description":"Oliven\u00f6l 3L-Dose mit Siebdruck f\u00fcr natives Oliven\u00f6l extra, ausschlie\u00dflich der Sorte Cornicabra.","og_url":"https:\/\/www.aceiteseltilo.com\/de\/producto\/dose-3l\/","og_site_name":"Aceites El Tilo","og_image":[{"width":1707,"height":2560,"url":"https:\/\/www.aceiteseltilo.com\/wp-content\/uploads\/2024\/11\/image00005-scaled.jpg","type":"image\/jpeg"}],"twitter_card":"summary_large_image","twitter_misc":{"Gesch\u00e4tzte Lesezeit":"1\u00a0Minute"},"schema":{"@context":"https:\/\/schema.org","@graph":[{"@type":"WebPage","@id":"https:\/\/www.aceiteseltilo.com\/de\/producto\/dose-3l\/","url":"https:\/\/www.aceiteseltilo.com\/de\/producto\/dose-3l\/","name":"Natives Oliven\u00f6l Extra 3L Dose - Aceites El Tilo","isPartOf":{"@id":"https:\/\/www.aceiteseltilo.com\/#website"},"primaryImageOfPage":{"@id":"https:\/\/www.aceiteseltilo.com\/de\/producto\/dose-3l\/#primaryimage"},"image":{"@id":"https:\/\/www.aceiteseltilo.com\/de\/producto\/dose-3l\/#primaryimage"},"thumbnailUrl":"https:\/\/www.aceiteseltilo.com\/wp-content\/uploads\/2024\/11\/image00005-scaled.jpg","datePublished":"2024-11-07T16:24:07+00:00","breadcrumb":{"@id":"https:\/\/www.aceiteseltilo.com\/de\/producto\/dose-3l\/#breadcrumb"},"inLanguage":"de","potentialAction":[{"@type":"ReadAction","target":["https:\/\/www.aceiteseltilo.com\/de\/producto\/dose-3l\/"]}]},{"@type":"ImageObject","inLanguage":"de","@id":"https:\/\/www.aceiteseltilo.com\/de\/producto\/dose-3l\/#primaryimage","url":"https:\/\/www.aceiteseltilo.com\/wp-content\/uploads\/2024\/11\/image00005-scaled.jpg","contentUrl":"https:\/\/www.aceiteseltilo.com\/wp-content\/uploads\/2024\/11\/image00005-scaled.jpg","width":1707,"height":2560},{"@type":"BreadcrumbList","@id":"https:\/\/www.aceiteseltilo.com\/de\/producto\/dose-3l\/#breadcrumb","itemListElement":[{"@type":"ListItem","position":1,"name":"Portada","item":"https:\/\/www.aceiteseltilo.com\/de\/"},{"@type":"ListItem","position":2,"name":"Der Laden","item":"https:\/\/www.aceiteseltilo.com\/der-laden\/"},{"@type":"ListItem","position":3,"name":"Natives Oliven\u00f6l Extra 3L Dose"}]},{"@type":"WebSite","@id":"https:\/\/www.aceiteseltilo.com\/#website","url":"https:\/\/www.aceiteseltilo.com\/","name":"Aceites El Tilo","description":"Aceite de oliva virgen extra","publisher":{"@id":"https:\/\/www.aceiteseltilo.com\/#organization"},"potentialAction":[{"@type":"SearchAction","target":{"@type":"EntryPoint","urlTemplate":"https:\/\/www.aceiteseltilo.com\/?s={search_term_string}"},"query-input":{"@type":"PropertyValueSpecification","valueRequired":true,"valueName":"search_term_string"}}],"inLanguage":"de"},{"@type":"Organization","@id":"https:\/\/www.aceiteseltilo.com\/#organization","name":"Aceites el Tilo","url":"https:\/\/www.aceiteseltilo.com\/","logo":{"@type":"ImageObject","inLanguage":"de","@id":"https:\/\/www.aceiteseltilo.com\/#\/schema\/logo\/image\/","url":"https:\/\/www.aceiteseltilo.com\/wp-content\/uploads\/2024\/10\/Modo_de_aislamiento-5.svg","contentUrl":"https:\/\/www.aceiteseltilo.com\/wp-content\/uploads\/2024\/10\/Modo_de_aislamiento-5.svg","width":388,"height":163,"caption":"Aceites el Tilo"},"image":{"@id":"https:\/\/www.aceiteseltilo.com\/#\/schema\/logo\/image\/"}}]}},"_links":{"self":[{"href":"https:\/\/www.aceiteseltilo.com\/de\/wp-json\/wp\/v2\/product\/2030","targetHints":{"allow":["GET"]}}],"collection":[{"href":"https:\/\/www.aceiteseltilo.com\/de\/wp-json\/wp\/v2\/product"}],"about":[{"href":"https:\/\/www.aceiteseltilo.com\/de\/wp-json\/wp\/v2\/types\/product"}],"wp:featuredmedia":[{"embeddable":true,"href":"https:\/\/www.aceiteseltilo.com\/de\/wp-json\/wp\/v2\/media\/2031"}],"wp:attachment":[{"href":"https:\/\/www.aceiteseltilo.com\/de\/wp-json\/wp\/v2\/media?parent=2030"}],"wp:term":[{"taxonomy":"product_brand","embeddable":true,"href":"https:\/\/www.aceiteseltilo.com\/de\/wp-json\/wp\/v2\/product_brand?post=2030"},{"taxonomy":"product_cat","embeddable":true,"href":"https:\/\/www.aceiteseltilo.com\/de\/wp-json\/wp\/v2\/product_cat?post=2030"},{"taxonomy":"product_tag","embeddable":true,"href":"https:\/\/www.aceiteseltilo.com\/de\/wp-json\/wp\/v2\/product_tag?post=2030"}],"curies":[{"name":"wp","href":"https:\/\/api.w.org\/{rel}","templated":true}]}}