{"id":2029,"date":"2024-11-07T17:12:38","date_gmt":"2024-11-07T16:12:38","guid":{"rendered":"https:\/\/www.aceiteseltilo.com\/producto\/500ml-flasche\/"},"modified":"2024-11-07T17:12:38","modified_gmt":"2024-11-07T16:12:38","slug":"500ml-flasche","status":"publish","type":"product","link":"https:\/\/www.aceiteseltilo.com\/de\/producto\/500ml-flasche\/","title":{"rendered":"Oliven\u00f6lflasche 500ml"},"content":{"rendered":"<h2>500ml Oliven\u00f6lflascheVon Extremadura in die Welt &#8211; Das EVOO, das den Geschmack unseres Landes widerspiegelt<\/h2>\n<p><img fetchpriority=\"high\" decoding=\"async\" class=\"alignnone wp-image-2023 size-full\" src=\"\/wp-content\/uploads\/2024\/11\/Captura-de-pantalla-2020-07-07-a-las-11.45.54-e1594115087595.png\" alt=\"\" width=\"1021\" height=\"416\"><\/p>\n<p>500ml Glasflasche mit nativem Oliven\u00f6l extra ausschlie\u00dflich aus der Sorte Cornicabra. Kaufen Sie online unser Premium-Oliven\u00f6l, eines der besten \u00d6le aus der Extremadura zu einem sehr g\u00fcnstigen Preis. <\/p>\n<h2>Kennen Sie die Eigenschaften von Cornicabra EVOO?<\/h2>\n<p><img decoding=\"async\" class=\"alignnone size-full wp-image-2019\" src=\"\/wp-content\/uploads\/2024\/11\/nadine-primeau-FfLlgRfL5l8-unsplash.jpg\" alt=\"\" width=\"1920\" height=\"1080\"><\/p>\n<p>Unser <a href=\"https:\/\/www.aceiteseltilo.com\/de\/die-ole\/\" target=\"_blank\" rel=\"noopener noreferrer\"><strong>natives Oliven\u00f6l extra Cornicabra<\/strong><\/a> hat einen fruchtigen, gr\u00fcnen Olivengeschmack von mittlerer Intensit\u00e4t mit Noten von Olivenbl\u00e4ttern, Mandeln und einem Hauch von Apfel. Leicht s\u00fc\u00df beim Eintritt in den Mund, mit einer mittleren Intensit\u00e4t bitteren und w\u00fcrzigen Gef\u00fchl, gut ausgewogen, und ein Nachgeschmack von gr\u00fcnen Mandeln, zus\u00e4tzlich zu seinen gesundheitlichen Nutzen und Eigenschaften in der K\u00fcche: <\/p>\n<ul>\n<li>Reich an nat\u00fcrlichen Antioxidantien.<\/li>\n<li>Hoher \u00d6ls\u00e4uregehalt (75%)<\/li>\n<li>Es dient als W\u00fcrzmittel oder Aromastoff, fast wie eine Sauce, die den Geschmack und die Textur von Lebensmitteln verbessert und sie nahrhafter und bek\u00f6mmlicher macht.<\/li>\n<li>Ideal zum Begleiten von Speisen mit ausgepr\u00e4gtem Geschmack, f\u00fcr Grillgerichte, Salatdressings, Gazpacho, Marinaden, Toast und Brot mit Tomate und f\u00fcr alle m\u00f6glichen Anwendungen in Ihrer K\u00fcche.<\/li>\n<\/ul>\n<p><strong>Auszeichnung:<\/strong> <a href=\"https:\/\/www.avpa.fr\/\">AVPA<\/a>-Gourmet-Produktmedaille<\/p>\n","protected":false},"excerpt":{"rendered":"<p>Cornicabra Oliven\u00f6l online kaufen. 500ml Glasflasche mit nativem Oliven\u00f6l extra ausschlie\u00dflich aus der Sorte Cornicabra. <\/p>\n","protected":false},"featured_media":2003,"template":"","meta":[],"product_brand":[],"product_cat":[79],"product_tag":[],"class_list":{"0":"post-2029","1":"product","2":"type-product","3":"status-publish","4":"has-post-thumbnail","6":"product_cat-cornicabra-olivenol","8":"first","9":"instock","10":"shipping-taxable","11":"purchasable","12":"product-type-simple"},"yoast_head":"<!-- This site is optimized with the Yoast SEO plugin v27.1.1 - https:\/\/yoast.com\/product\/yoast-seo-wordpress\/ -->\n<title>Oliven\u00f6lflasche 500ml kaufen - Tilo Oils<\/title>\n<meta name=\"robots\" content=\"index, follow, max-snippet:-1, max-image-preview:large, max-video-preview:-1\" \/>\n<link rel=\"canonical\" href=\"https:\/\/www.aceiteseltilo.com\/de\/producto\/500ml-flasche\/\" \/>\n<meta property=\"og:locale\" content=\"de_DE\" \/>\n<meta property=\"og:type\" content=\"article\" \/>\n<meta property=\"og:title\" content=\"Oliven\u00f6lflasche 500ml kaufen - Tilo Oils\" \/>\n<meta property=\"og:description\" content=\"Cornicabra Oliven\u00f6l online kaufen. 500ml Glasflasche mit nativem Oliven\u00f6l extra ausschlie\u00dflich aus der Sorte Cornicabra.\" \/>\n<meta property=\"og:url\" content=\"https:\/\/www.aceiteseltilo.com\/de\/producto\/500ml-flasche\/\" \/>\n<meta property=\"og:site_name\" content=\"Aceites El Tilo\" \/>\n<meta property=\"og:image\" content=\"https:\/\/www.aceiteseltilo.com\/wp-content\/uploads\/2024\/10\/image00003-scaled.jpg\" \/>\n\t<meta property=\"og:image:width\" content=\"1707\" \/>\n\t<meta property=\"og:image:height\" content=\"2560\" \/>\n\t<meta property=\"og:image:type\" content=\"image\/jpeg\" \/>\n<meta name=\"twitter:card\" content=\"summary_large_image\" \/>\n<meta name=\"twitter:label1\" content=\"Gesch\u00e4tzte Lesezeit\" \/>\n\t<meta name=\"twitter:data1\" content=\"1\u00a0Minute\" \/>\n<script type=\"application\/ld+json\" class=\"yoast-schema-graph\">{\"@context\":\"https:\/\/schema.org\",\"@graph\":[{\"@type\":\"WebPage\",\"@id\":\"https:\/\/www.aceiteseltilo.com\/de\/producto\/500ml-flasche\/\",\"url\":\"https:\/\/www.aceiteseltilo.com\/de\/producto\/500ml-flasche\/\",\"name\":\"Oliven\u00f6lflasche 500ml kaufen - Tilo Oils\",\"isPartOf\":{\"@id\":\"https:\/\/www.aceiteseltilo.com\/#website\"},\"primaryImageOfPage\":{\"@id\":\"https:\/\/www.aceiteseltilo.com\/de\/producto\/500ml-flasche\/#primaryimage\"},\"image\":{\"@id\":\"https:\/\/www.aceiteseltilo.com\/de\/producto\/500ml-flasche\/#primaryimage\"},\"thumbnailUrl\":\"https:\/\/www.aceiteseltilo.com\/wp-content\/uploads\/2024\/10\/image00003-scaled.jpg\",\"datePublished\":\"2024-11-07T16:12:38+00:00\",\"breadcrumb\":{\"@id\":\"https:\/\/www.aceiteseltilo.com\/de\/producto\/500ml-flasche\/#breadcrumb\"},\"inLanguage\":\"de\",\"potentialAction\":[{\"@type\":\"ReadAction\",\"target\":[\"https:\/\/www.aceiteseltilo.com\/de\/producto\/500ml-flasche\/\"]}]},{\"@type\":\"ImageObject\",\"inLanguage\":\"de\",\"@id\":\"https:\/\/www.aceiteseltilo.com\/de\/producto\/500ml-flasche\/#primaryimage\",\"url\":\"https:\/\/www.aceiteseltilo.com\/wp-content\/uploads\/2024\/10\/image00003-scaled.jpg\",\"contentUrl\":\"https:\/\/www.aceiteseltilo.com\/wp-content\/uploads\/2024\/10\/image00003-scaled.jpg\",\"width\":1707,\"height\":2560},{\"@type\":\"BreadcrumbList\",\"@id\":\"https:\/\/www.aceiteseltilo.com\/de\/producto\/500ml-flasche\/#breadcrumb\",\"itemListElement\":[{\"@type\":\"ListItem\",\"position\":1,\"name\":\"Portada\",\"item\":\"https:\/\/www.aceiteseltilo.com\/de\/\"},{\"@type\":\"ListItem\",\"position\":2,\"name\":\"Der Laden\",\"item\":\"https:\/\/www.aceiteseltilo.com\/der-laden\/\"},{\"@type\":\"ListItem\",\"position\":3,\"name\":\"Oliven\u00f6lflasche 500ml\"}]},{\"@type\":\"WebSite\",\"@id\":\"https:\/\/www.aceiteseltilo.com\/#website\",\"url\":\"https:\/\/www.aceiteseltilo.com\/\",\"name\":\"Aceites El Tilo\",\"description\":\"Aceite de oliva virgen extra\",\"publisher\":{\"@id\":\"https:\/\/www.aceiteseltilo.com\/#organization\"},\"potentialAction\":[{\"@type\":\"SearchAction\",\"target\":{\"@type\":\"EntryPoint\",\"urlTemplate\":\"https:\/\/www.aceiteseltilo.com\/?s={search_term_string}\"},\"query-input\":{\"@type\":\"PropertyValueSpecification\",\"valueRequired\":true,\"valueName\":\"search_term_string\"}}],\"inLanguage\":\"de\"},{\"@type\":\"Organization\",\"@id\":\"https:\/\/www.aceiteseltilo.com\/#organization\",\"name\":\"Aceites el Tilo\",\"url\":\"https:\/\/www.aceiteseltilo.com\/\",\"logo\":{\"@type\":\"ImageObject\",\"inLanguage\":\"de\",\"@id\":\"https:\/\/www.aceiteseltilo.com\/#\/schema\/logo\/image\/\",\"url\":\"https:\/\/www.aceiteseltilo.com\/wp-content\/uploads\/2024\/10\/Modo_de_aislamiento-5.svg\",\"contentUrl\":\"https:\/\/www.aceiteseltilo.com\/wp-content\/uploads\/2024\/10\/Modo_de_aislamiento-5.svg\",\"width\":388,\"height\":163,\"caption\":\"Aceites el Tilo\"},\"image\":{\"@id\":\"https:\/\/www.aceiteseltilo.com\/#\/schema\/logo\/image\/\"}}]}<\/script>\n<!-- \/ Yoast SEO plugin. -->","yoast_head_json":{"title":"Oliven\u00f6lflasche 500ml kaufen - Tilo Oils","robots":{"index":"index","follow":"follow","max-snippet":"max-snippet:-1","max-image-preview":"max-image-preview:large","max-video-preview":"max-video-preview:-1"},"canonical":"https:\/\/www.aceiteseltilo.com\/de\/producto\/500ml-flasche\/","og_locale":"de_DE","og_type":"article","og_title":"Oliven\u00f6lflasche 500ml kaufen - Tilo Oils","og_description":"Cornicabra Oliven\u00f6l online kaufen. 500ml Glasflasche mit nativem Oliven\u00f6l extra ausschlie\u00dflich aus der Sorte Cornicabra.","og_url":"https:\/\/www.aceiteseltilo.com\/de\/producto\/500ml-flasche\/","og_site_name":"Aceites El Tilo","og_image":[{"width":1707,"height":2560,"url":"https:\/\/www.aceiteseltilo.com\/wp-content\/uploads\/2024\/10\/image00003-scaled.jpg","type":"image\/jpeg"}],"twitter_card":"summary_large_image","twitter_misc":{"Gesch\u00e4tzte Lesezeit":"1\u00a0Minute"},"schema":{"@context":"https:\/\/schema.org","@graph":[{"@type":"WebPage","@id":"https:\/\/www.aceiteseltilo.com\/de\/producto\/500ml-flasche\/","url":"https:\/\/www.aceiteseltilo.com\/de\/producto\/500ml-flasche\/","name":"Oliven\u00f6lflasche 500ml kaufen - Tilo Oils","isPartOf":{"@id":"https:\/\/www.aceiteseltilo.com\/#website"},"primaryImageOfPage":{"@id":"https:\/\/www.aceiteseltilo.com\/de\/producto\/500ml-flasche\/#primaryimage"},"image":{"@id":"https:\/\/www.aceiteseltilo.com\/de\/producto\/500ml-flasche\/#primaryimage"},"thumbnailUrl":"https:\/\/www.aceiteseltilo.com\/wp-content\/uploads\/2024\/10\/image00003-scaled.jpg","datePublished":"2024-11-07T16:12:38+00:00","breadcrumb":{"@id":"https:\/\/www.aceiteseltilo.com\/de\/producto\/500ml-flasche\/#breadcrumb"},"inLanguage":"de","potentialAction":[{"@type":"ReadAction","target":["https:\/\/www.aceiteseltilo.com\/de\/producto\/500ml-flasche\/"]}]},{"@type":"ImageObject","inLanguage":"de","@id":"https:\/\/www.aceiteseltilo.com\/de\/producto\/500ml-flasche\/#primaryimage","url":"https:\/\/www.aceiteseltilo.com\/wp-content\/uploads\/2024\/10\/image00003-scaled.jpg","contentUrl":"https:\/\/www.aceiteseltilo.com\/wp-content\/uploads\/2024\/10\/image00003-scaled.jpg","width":1707,"height":2560},{"@type":"BreadcrumbList","@id":"https:\/\/www.aceiteseltilo.com\/de\/producto\/500ml-flasche\/#breadcrumb","itemListElement":[{"@type":"ListItem","position":1,"name":"Portada","item":"https:\/\/www.aceiteseltilo.com\/de\/"},{"@type":"ListItem","position":2,"name":"Der Laden","item":"https:\/\/www.aceiteseltilo.com\/der-laden\/"},{"@type":"ListItem","position":3,"name":"Oliven\u00f6lflasche 500ml"}]},{"@type":"WebSite","@id":"https:\/\/www.aceiteseltilo.com\/#website","url":"https:\/\/www.aceiteseltilo.com\/","name":"Aceites El Tilo","description":"Aceite de oliva virgen extra","publisher":{"@id":"https:\/\/www.aceiteseltilo.com\/#organization"},"potentialAction":[{"@type":"SearchAction","target":{"@type":"EntryPoint","urlTemplate":"https:\/\/www.aceiteseltilo.com\/?s={search_term_string}"},"query-input":{"@type":"PropertyValueSpecification","valueRequired":true,"valueName":"search_term_string"}}],"inLanguage":"de"},{"@type":"Organization","@id":"https:\/\/www.aceiteseltilo.com\/#organization","name":"Aceites el Tilo","url":"https:\/\/www.aceiteseltilo.com\/","logo":{"@type":"ImageObject","inLanguage":"de","@id":"https:\/\/www.aceiteseltilo.com\/#\/schema\/logo\/image\/","url":"https:\/\/www.aceiteseltilo.com\/wp-content\/uploads\/2024\/10\/Modo_de_aislamiento-5.svg","contentUrl":"https:\/\/www.aceiteseltilo.com\/wp-content\/uploads\/2024\/10\/Modo_de_aislamiento-5.svg","width":388,"height":163,"caption":"Aceites el Tilo"},"image":{"@id":"https:\/\/www.aceiteseltilo.com\/#\/schema\/logo\/image\/"}}]}},"_links":{"self":[{"href":"https:\/\/www.aceiteseltilo.com\/de\/wp-json\/wp\/v2\/product\/2029","targetHints":{"allow":["GET"]}}],"collection":[{"href":"https:\/\/www.aceiteseltilo.com\/de\/wp-json\/wp\/v2\/product"}],"about":[{"href":"https:\/\/www.aceiteseltilo.com\/de\/wp-json\/wp\/v2\/types\/product"}],"wp:featuredmedia":[{"embeddable":true,"href":"https:\/\/www.aceiteseltilo.com\/de\/wp-json\/wp\/v2\/media\/2003"}],"wp:attachment":[{"href":"https:\/\/www.aceiteseltilo.com\/de\/wp-json\/wp\/v2\/media?parent=2029"}],"wp:term":[{"taxonomy":"product_brand","embeddable":true,"href":"https:\/\/www.aceiteseltilo.com\/de\/wp-json\/wp\/v2\/product_brand?post=2029"},{"taxonomy":"product_cat","embeddable":true,"href":"https:\/\/www.aceiteseltilo.com\/de\/wp-json\/wp\/v2\/product_cat?post=2029"},{"taxonomy":"product_tag","embeddable":true,"href":"https:\/\/www.aceiteseltilo.com\/de\/wp-json\/wp\/v2\/product_tag?post=2029"}],"curies":[{"name":"wp","href":"https:\/\/api.w.org\/{rel}","templated":true}]}}